{"id":40383,"date":"2019-03-28T15:20:38","date_gmt":"2019-03-28T13:20:38","guid":{"rendered":"https:\/\/www.niko.eu.com\/product-range\/"},"modified":"2025-04-10T14:05:18","modified_gmt":"2025-04-10T11:05:18","slug":"product-range","status":"publish","type":"page","link":"https:\/\/www.niko.eu.com\/fr\/product-range\/","title":{"rendered":"NIKO Gamme de produits"},"content":{"rendered":"<p style=\"text-align: center;\"><span style=\"color: #004b79;\">NIKO propose une large gamme de produits int\u00e9grables \u00e0 vos installations.<\/span><\/p>\n<p style=\"text-align: center;\">Notre gamme compl\u00e8te de produits comprend plus de 10\u00a0000 assemblages et composants diff\u00e9rents, ce qui nous permet de fournir des solutions compl\u00e8tes \u00e0 diff\u00e9rents secteurs d&rsquo;activit\u00e9 dans le monde entier.<\/p>\n<p style=\"text-align: center;\"><strong>Ferrures pour portes coulissantes<\/strong> | <span style=\"color: #0000ff;\"><a style=\"color: #0000ff;\" href=\"http:\/\/www.niko.eu.com\/fr\/product-ranges\/residential-sliding-door-fittings\/\">Usage r\u00e9sidentiel\u00a0<\/a> \u2022 <a style=\"color: #0000ff;\" href=\"http:\/\/www.niko.eu.com\/fr\/product-ranges\/residential-sliding-door-fittings\/\">Usage industriel<\/a> \u2022 <a style=\"color: #0000ff;\" href=\"http:\/\/www.niko.eu.com\/fr\/product-ranges\/sliding-cantilever-gate-fittings\/\">Portails<\/a> \u2022 <a style=\"color: #0000ff;\" href=\"http:\/\/www.niko.eu.com\/fr\/product-ranges\/sliding-curtain-track-system\/\">rideaux coulissants<\/a><\/span><br \/>\n<strong>Convoyeurs a\u00e9riens<\/strong>\u00a0| <span style=\"color: #0000ff;\"><a style=\"color: #0000ff;\" href=\"http:\/\/www.niko.eu.com\/fr\/product-ranges\/manual-overhead-conveyor-system\/\">Manuel convoyeur syst\u00e8me<\/a> \u2022 <a style=\"color: #0000ff;\" href=\"http:\/\/www.niko.eu.com\/fr\/product-ranges\/power-chain-conveyor-systems\/\">\u00a0Convoyeur \u00e0 cha\u00eene motoris\u00e9 syst\u00e8me<\/a> \u2022 <a style=\"color: #0000ff;\" href=\"http:\/\/www.niko.eu.com\/fr\/product-ranges\/drop-lift-units\/\">de levagede levage <\/a><a style=\"color: #0000ff;\" href=\"http:\/\/www.niko.eu.com\/product-ranges\/drop-lift-units\/\">g<\/a><a style=\"color: #0000ff;\" href=\"http:\/\/www.niko.eu.com\/fr\/product-ranges\/drop-lift-units\/\">ares<\/a><\/span><br \/>\n<strong>Poutres roulantes l\u00e9g\u00e8res<\/strong> | <span style=\"color: #0000ff;\"><a style=\"color: #0000ff;\" href=\"http:\/\/www.niko.eu.com\/fr\/product-ranges\/light-crane-systems-and-monorails\/\">Poutres roulantes &amp; Monorails<\/a> \u2022 <a style=\"color: #0000ff;\" href=\"http:\/\/www.niko.eu.com\/fr\/product-ranges\/jib-cranes\/\">potences<\/a> \u2022 <a style=\"color: #0000ff;\" href=\"http:\/\/www.niko.eu.com\/fr\/product-ranges\/scaffolding-runways\/\">Chemins de roulement d\u2019\u00e9chafaudage<\/a><\/span><br \/>\n<strong>Syst\u00e8mes d\u2019alimentation \u00e9lectrique <\/strong>| <span style=\"color: #0000ff;\"><a style=\"color: #0000ff;\" href=\"http:\/\/www.niko.eu.com\/fr\/product-ranges\/festoon-systems\/\">syst\u00e8mes en guirlande<\/a> \u2022 <a style=\"color: #0000ff;\" href=\"http:\/\/www.niko.eu.com\/fr\/product-ranges\/conductor-bar-systems\/\">Barres conductrices<\/a><\/span><strong><br \/>\n<\/strong><span style=\"color: #0000ff;\">\u00a0<a style=\"color: #0000ff;\" href=\"http:\/\/www.niko.eu.com\/fr\/product-ranges\/fall-arrest-systems\/\">Syst\u00e8me de protection contre les chutes EN795<\/a><\/span><\/p>\n<p style=\"text-align: center;\">Quel que soit votre besoin, nous sommes convaincus que nous pouvons vous apporter la meilleure solution.<\/p>\n<p>&nbsp;<\/p>\n<p>&nbsp;<\/p>\n","protected":false},"excerpt":{"rendered":"<p>NIKO propose une large gamme de produits int\u00e9grables \u00e0 vos installations. Notre gamme compl\u00e8te de produits comprend plus de 10\u00a0000 assemblages et composants diff\u00e9rents, ce qui nous permet de fournir des solutions compl\u00e8tes \u00e0 diff\u00e9rents secteurs d&rsquo;activit\u00e9 dans le monde entier. Ferrures pour portes coulissantes | Usage r\u00e9sidentiel\u00a0 \u2022 Usage industriel \u2022 Portails \u2022 rideaux [&hellip;]<\/p>\n","protected":false},"author":5,"featured_media":0,"parent":0,"menu_order":0,"comment_status":"closed","ping_status":"closed","template":"templates\/product_range_group.php","meta":{"_acf_changed":false,"_lmt_disableupdate":"no","_lmt_disable":"","footnotes":""},"class_list":["post-40383","page","type-page","status-publish","hentry"],"acf":[],"yoast_head":"<!-- This site is optimized with the Yoast SEO plugin v27.3 - https:\/\/yoast.com\/product\/yoast-seo-wordpress\/ -->\n<title>NIKO Gamme de produits - NIKO - HELM HELLAS SA<\/title>\n<meta name=\"robots\" content=\"index, follow, max-snippet:-1, max-image-preview:large, max-video-preview:-1\" \/>\n<link rel=\"canonical\" href=\"https:\/\/www.niko.eu.com\/fr\/product-range\/\" \/>\n<meta property=\"og:locale\" content=\"fr_FR\" \/>\n<meta property=\"og:type\" content=\"article\" \/>\n<meta property=\"og:title\" content=\"NIKO Gamme de produits - NIKO - HELM HELLAS SA\" \/>\n<meta property=\"og:description\" content=\"NIKO propose une large gamme de produits int\u00e9grables \u00e0 vos installations. Notre gamme compl\u00e8te de produits comprend plus de 10\u00a0000 assemblages et composants diff\u00e9rents, ce qui nous permet de fournir des solutions compl\u00e8tes \u00e0 diff\u00e9rents secteurs d&rsquo;activit\u00e9 dans le monde entier. Ferrures pour portes coulissantes | Usage r\u00e9sidentiel\u00a0 \u2022 Usage industriel \u2022 Portails \u2022 rideaux [&hellip;]\" \/>\n<meta property=\"og:url\" content=\"https:\/\/www.niko.eu.com\/fr\/product-range\/\" \/>\n<meta property=\"og:site_name\" content=\"NIKO - HELM HELLAS SA\" \/>\n<meta property=\"article:publisher\" content=\"https:\/\/www.facebook.com\/nikohelmhellas\" \/>\n<meta property=\"article:modified_time\" content=\"2025-04-10T11:05:18+00:00\" \/>\n<meta name=\"twitter:card\" content=\"summary_large_image\" \/>\n<meta name=\"twitter:label1\" content=\"Dur\u00e9e de lecture estim\u00e9e\" \/>\n\t<meta name=\"twitter:data1\" content=\"1 minute\" \/>\n<script type=\"application\/ld+json\" class=\"yoast-schema-graph\">{\"@context\":\"https:\\\/\\\/schema.org\",\"@graph\":[{\"@type\":\"WebPage\",\"@id\":\"https:\\\/\\\/www.niko.eu.com\\\/fr\\\/product-range\\\/\",\"url\":\"https:\\\/\\\/www.niko.eu.com\\\/fr\\\/product-range\\\/\",\"name\":\"NIKO Gamme de produits - NIKO - HELM HELLAS SA\",\"isPartOf\":{\"@id\":\"https:\\\/\\\/www.niko.eu.com\\\/fr\\\/#website\"},\"datePublished\":\"2019-03-28T13:20:38+00:00\",\"dateModified\":\"2025-04-10T11:05:18+00:00\",\"breadcrumb\":{\"@id\":\"https:\\\/\\\/www.niko.eu.com\\\/fr\\\/product-range\\\/#breadcrumb\"},\"inLanguage\":\"fr-FR\",\"potentialAction\":[{\"@type\":\"ReadAction\",\"target\":[\"https:\\\/\\\/www.niko.eu.com\\\/fr\\\/product-range\\\/\"]}]},{\"@type\":\"BreadcrumbList\",\"@id\":\"https:\\\/\\\/www.niko.eu.com\\\/fr\\\/product-range\\\/#breadcrumb\",\"itemListElement\":[{\"@type\":\"ListItem\",\"position\":1,\"name\":\"Home\",\"item\":\"https:\\\/\\\/www.niko.eu.com\\\/fr\\\/\"},{\"@type\":\"ListItem\",\"position\":2,\"name\":\"NIKO Gamme de produits\"}]},{\"@type\":\"WebSite\",\"@id\":\"https:\\\/\\\/www.niko.eu.com\\\/fr\\\/#website\",\"url\":\"https:\\\/\\\/www.niko.eu.com\\\/fr\\\/\",\"name\":\"NIKO HELM HELLAS SA\",\"description\":\"\",\"publisher\":{\"@id\":\"https:\\\/\\\/www.niko.eu.com\\\/fr\\\/#organization\"},\"potentialAction\":[{\"@type\":\"SearchAction\",\"target\":{\"@type\":\"EntryPoint\",\"urlTemplate\":\"https:\\\/\\\/www.niko.eu.com\\\/fr\\\/?s={search_term_string}\"},\"query-input\":{\"@type\":\"PropertyValueSpecification\",\"valueRequired\":true,\"valueName\":\"search_term_string\"}}],\"inLanguage\":\"fr-FR\"},{\"@type\":\"Organization\",\"@id\":\"https:\\\/\\\/www.niko.eu.com\\\/fr\\\/#organization\",\"name\":\"NIKO HELM HELLAS SA\",\"url\":\"https:\\\/\\\/www.niko.eu.com\\\/fr\\\/\",\"logo\":{\"@type\":\"ImageObject\",\"inLanguage\":\"fr-FR\",\"@id\":\"https:\\\/\\\/www.niko.eu.com\\\/fr\\\/#\\\/schema\\\/logo\\\/image\\\/\",\"url\":\"https:\\\/\\\/www.niko.eu.com\\\/wp-content\\\/uploads\\\/2019\\\/03\\\/logo_contacts.jpg\",\"contentUrl\":\"https:\\\/\\\/www.niko.eu.com\\\/wp-content\\\/uploads\\\/2019\\\/03\\\/logo_contacts.jpg\",\"width\":384,\"height\":216,\"caption\":\"NIKO HELM HELLAS SA\"},\"image\":{\"@id\":\"https:\\\/\\\/www.niko.eu.com\\\/fr\\\/#\\\/schema\\\/logo\\\/image\\\/\"},\"sameAs\":[\"https:\\\/\\\/www.facebook.com\\\/nikohelmhellas\"]}]}<\/script>\n<!-- \/ Yoast SEO plugin. -->","yoast_head_json":{"title":"NIKO Gamme de produits - NIKO - HELM HELLAS SA","robots":{"index":"index","follow":"follow","max-snippet":"max-snippet:-1","max-image-preview":"max-image-preview:large","max-video-preview":"max-video-preview:-1"},"canonical":"https:\/\/www.niko.eu.com\/fr\/product-range\/","og_locale":"fr_FR","og_type":"article","og_title":"NIKO Gamme de produits - NIKO - HELM HELLAS SA","og_description":"NIKO propose une large gamme de produits int\u00e9grables \u00e0 vos installations. Notre gamme compl\u00e8te de produits comprend plus de 10\u00a0000 assemblages et composants diff\u00e9rents, ce qui nous permet de fournir des solutions compl\u00e8tes \u00e0 diff\u00e9rents secteurs d&rsquo;activit\u00e9 dans le monde entier. Ferrures pour portes coulissantes | Usage r\u00e9sidentiel\u00a0 \u2022 Usage industriel \u2022 Portails \u2022 rideaux [&hellip;]","og_url":"https:\/\/www.niko.eu.com\/fr\/product-range\/","og_site_name":"NIKO - HELM HELLAS SA","article_publisher":"https:\/\/www.facebook.com\/nikohelmhellas","article_modified_time":"2025-04-10T11:05:18+00:00","twitter_card":"summary_large_image","twitter_misc":{"Dur\u00e9e de lecture estim\u00e9e":"1 minute"},"schema":{"@context":"https:\/\/schema.org","@graph":[{"@type":"WebPage","@id":"https:\/\/www.niko.eu.com\/fr\/product-range\/","url":"https:\/\/www.niko.eu.com\/fr\/product-range\/","name":"NIKO Gamme de produits - NIKO - HELM HELLAS SA","isPartOf":{"@id":"https:\/\/www.niko.eu.com\/fr\/#website"},"datePublished":"2019-03-28T13:20:38+00:00","dateModified":"2025-04-10T11:05:18+00:00","breadcrumb":{"@id":"https:\/\/www.niko.eu.com\/fr\/product-range\/#breadcrumb"},"inLanguage":"fr-FR","potentialAction":[{"@type":"ReadAction","target":["https:\/\/www.niko.eu.com\/fr\/product-range\/"]}]},{"@type":"BreadcrumbList","@id":"https:\/\/www.niko.eu.com\/fr\/product-range\/#breadcrumb","itemListElement":[{"@type":"ListItem","position":1,"name":"Home","item":"https:\/\/www.niko.eu.com\/fr\/"},{"@type":"ListItem","position":2,"name":"NIKO Gamme de produits"}]},{"@type":"WebSite","@id":"https:\/\/www.niko.eu.com\/fr\/#website","url":"https:\/\/www.niko.eu.com\/fr\/","name":"NIKO HELM HELLAS SA","description":"","publisher":{"@id":"https:\/\/www.niko.eu.com\/fr\/#organization"},"potentialAction":[{"@type":"SearchAction","target":{"@type":"EntryPoint","urlTemplate":"https:\/\/www.niko.eu.com\/fr\/?s={search_term_string}"},"query-input":{"@type":"PropertyValueSpecification","valueRequired":true,"valueName":"search_term_string"}}],"inLanguage":"fr-FR"},{"@type":"Organization","@id":"https:\/\/www.niko.eu.com\/fr\/#organization","name":"NIKO HELM HELLAS SA","url":"https:\/\/www.niko.eu.com\/fr\/","logo":{"@type":"ImageObject","inLanguage":"fr-FR","@id":"https:\/\/www.niko.eu.com\/fr\/#\/schema\/logo\/image\/","url":"https:\/\/www.niko.eu.com\/wp-content\/uploads\/2019\/03\/logo_contacts.jpg","contentUrl":"https:\/\/www.niko.eu.com\/wp-content\/uploads\/2019\/03\/logo_contacts.jpg","width":384,"height":216,"caption":"NIKO HELM HELLAS SA"},"image":{"@id":"https:\/\/www.niko.eu.com\/fr\/#\/schema\/logo\/image\/"},"sameAs":["https:\/\/www.facebook.com\/nikohelmhellas"]}]}},"_links":{"self":[{"href":"https:\/\/www.niko.eu.com\/fr\/wp-json\/wp\/v2\/pages\/40383","targetHints":{"allow":["GET"]}}],"collection":[{"href":"https:\/\/www.niko.eu.com\/fr\/wp-json\/wp\/v2\/pages"}],"about":[{"href":"https:\/\/www.niko.eu.com\/fr\/wp-json\/wp\/v2\/types\/page"}],"author":[{"embeddable":true,"href":"https:\/\/www.niko.eu.com\/fr\/wp-json\/wp\/v2\/users\/5"}],"replies":[{"embeddable":true,"href":"https:\/\/www.niko.eu.com\/fr\/wp-json\/wp\/v2\/comments?post=40383"}],"version-history":[{"count":12,"href":"https:\/\/www.niko.eu.com\/fr\/wp-json\/wp\/v2\/pages\/40383\/revisions"}],"predecessor-version":[{"id":40490,"href":"https:\/\/www.niko.eu.com\/fr\/wp-json\/wp\/v2\/pages\/40383\/revisions\/40490"}],"wp:attachment":[{"href":"https:\/\/www.niko.eu.com\/fr\/wp-json\/wp\/v2\/media?parent=40383"}],"curies":[{"name":"wp","href":"https:\/\/api.w.org\/{rel}","templated":true}]}}